{"id":1237,"date":"2021-09-27T13:31:00","date_gmt":"2021-09-27T13:31:00","guid":{"rendered":"https:\/\/foxiz.themeruby.com\/default\/?page_id=1237"},"modified":"2024-03-06T18:25:41","modified_gmt":"2024-03-06T18:25:41","slug":"customize-interests","status":"publish","type":"page","link":"https:\/\/tunther.com.ar\/sitio\/customize-interests\/","title":{"rendered":"Customizar Preferencias"},"content":{"rendered":"\t\t<div data-elementor-type=\"wp-page\" data-elementor-id=\"1237\" class=\"elementor elementor-1237\">\n\t\t\t\t\t\t<section class=\"elementor-section elementor-top-section elementor-element elementor-element-400cc40 elementor-section-boxed elementor-section-height-default elementor-section-height-default\" data-id=\"400cc40\" data-element_type=\"section\" data-e-type=\"section\">\n\t\t\t\t\t\t<div class=\"elementor-container elementor-column-gap-no\">\n\t\t\t\t\t<div class=\"elementor-column elementor-col-100 elementor-top-column elementor-element elementor-element-2fc1c11\" data-id=\"2fc1c11\" data-element_type=\"column\" data-e-type=\"column\">\n\t\t\t<div class=\"elementor-widget-wrap elementor-element-populated\">\n\t\t\t\t\t\t<section class=\"elementor-section elementor-inner-section elementor-element elementor-element-ae064df elementor-section-full_width elementor-section-height-default elementor-section-height-default\" data-id=\"ae064df\" data-element_type=\"section\" data-e-type=\"section\">\n\t\t\t\t\t\t<div class=\"elementor-container elementor-column-gap-custom\">\n\t\t\t\t\t<div class=\"elementor-column elementor-col-100 elementor-inner-column elementor-element elementor-element-6556ac3\" data-id=\"6556ac3\" data-element_type=\"column\" data-e-type=\"column\">\n\t\t\t<div class=\"elementor-widget-wrap elementor-element-populated\">\n\t\t\t\t\t\t<div class=\"elementor-element elementor-element-bb1c660 elementor-widget elementor-widget-foxiz-heading\" data-id=\"bb1c660\" data-element_type=\"widget\" data-e-type=\"widget\" data-widget_type=\"foxiz-heading.default\">\n\t\t\t\t<div class=\"elementor-widget-container\">\n\t\t\t\t\t<div id=\"uid_bb1c660\" class=\"block-h heading-layout-c10\"><div class=\"heading-inner\"><h2 class=\"heading-title\"><span>Customizar Preferencias\n<\/span><\/h2><\/div><\/div>\t\t\t\t<\/div>\n\t\t\t\t<\/div>\n\t\t\t\t\t<\/div>\n\t\t<\/div>\n\t\t\t\t\t<\/div>\n\t\t<\/section>\n\t\t\t\t<section class=\"elementor-section elementor-inner-section elementor-element elementor-element-5dd27f2 elementor-section-boxed elementor-section-height-default elementor-section-height-default\" data-id=\"5dd27f2\" data-element_type=\"section\" data-e-type=\"section\">\n\t\t\t\t\t\t<div class=\"elementor-container elementor-column-gap-custom\">\n\t\t\t\t\t<div class=\"elementor-column elementor-col-100 elementor-inner-column elementor-element elementor-element-6569c1a\" data-id=\"6569c1a\" data-element_type=\"column\" data-e-type=\"column\">\n\t\t\t<div class=\"elementor-widget-wrap elementor-element-populated\">\n\t\t\t\t\t\t<div class=\"elementor-element elementor-element-1b6e22a elementor-widget elementor-widget-text-editor\" data-id=\"1b6e22a\" data-element_type=\"widget\" data-e-type=\"widget\" data-widget_type=\"text-editor.default\">\n\t\t\t\t<div class=\"elementor-widget-container\">\n\t\t\t\t\t\t\t\t\t<p><span class=\"HwtZe\" lang=\"es\"><span class=\"jCAhz ChMk0b\"><span class=\"ryNqvb\">Pod\u00e9s obtener actualizaciones para tus Preferencias.<\/span><\/span> <span class=\"jCAhz ChMk0b\"><span class=\"ryNqvb\">Siguiendo cualquier categor\u00eda que desees ver en Tunther o cuando est\u00e9 navegando en la <\/span><\/span><\/span> <a href=\"https:\/\/tunther.com.ar\/sitio\/my-bookmarks\/\">Grilla de Lectura<\/a><\/p>\t\t\t\t\t\t\t\t<\/div>\n\t\t\t\t<\/div>\n\t\t\t\t<div class=\"elementor-element elementor-element-9893802 elementor-widget-divider--separator-type-pattern elementor-widget-divider--view-line elementor-widget elementor-widget-divider\" data-id=\"9893802\" data-element_type=\"widget\" data-e-type=\"widget\" data-widget_type=\"divider.default\">\n\t\t\t\t<div class=\"elementor-widget-container\">\n\t\t\t\t\t\t\t<div class=\"elementor-divider\" style=\"--divider-pattern-url: url(&quot;data:image\/svg+xml,%3Csvg xmlns=&#039;http:\/\/www.w3.org\/2000\/svg&#039; preserveAspectRatio=&#039;none&#039; overflow=&#039;visible&#039; height=&#039;100%&#039; viewBox=&#039;0 0 24 24&#039; fill=&#039;none&#039; stroke=&#039;black&#039; stroke-width=&#039;4&#039; stroke-linecap=&#039;square&#039; stroke-miterlimit=&#039;10&#039;%3E%3Cpolyline points=&#039;0,18 12,6 24,18 &#039;\/%3E%3C\/svg%3E&quot;);\">\n\t\t\t<span class=\"elementor-divider-separator\">\n\t\t\t\t\t\t<\/span>\n\t\t<\/div>\n\t\t\t\t\t\t<\/div>\n\t\t\t\t<\/div>\n\t\t\t\t\t<\/div>\n\t\t<\/div>\n\t\t\t\t\t<\/div>\n\t\t<\/section>\n\t\t\t\t<section class=\"elementor-section elementor-inner-section elementor-element elementor-element-cb33e71 elementor-section-full_width elementor-section-height-default elementor-section-height-default\" data-id=\"cb33e71\" data-element_type=\"section\" data-e-type=\"section\">\n\t\t\t\t\t\t<div class=\"elementor-container elementor-column-gap-custom\">\n\t\t\t\t\t<div class=\"elementor-column elementor-col-100 elementor-inner-column elementor-element elementor-element-8efb662\" data-id=\"8efb662\" data-element_type=\"column\" data-e-type=\"column\">\n\t\t\t<div class=\"elementor-widget-wrap elementor-element-populated\">\n\t\t\t\t\t\t<div class=\"elementor-element elementor-element-260bb2b elementor-widget elementor-widget-foxiz-heading\" data-id=\"260bb2b\" data-element_type=\"widget\" data-e-type=\"widget\" data-widget_type=\"foxiz-heading.default\">\n\t\t\t\t<div class=\"elementor-widget-container\">\n\t\t\t\t\t<div id=\"uid_260bb2b\" class=\"block-h heading-layout-10\"><div class=\"heading-inner\"><h3 class=\"heading-title\"><span>Finanzas<\/span><\/h3><\/div><\/div>\t\t\t\t<\/div>\n\t\t\t\t<\/div>\n\t\t\t\t<div class=\"elementor-element elementor-element-5f7b98e elementor-widget elementor-widget-foxiz-categories-1\" data-id=\"5f7b98e\" data-element_type=\"widget\" data-e-type=\"widget\" data-widget_type=\"foxiz-categories-1.default\">\n\t\t\t\t<div class=\"elementor-widget-container\">\n\t\t\t\t\t<div id=\"uid_5f7b98e\" class=\"block-wrap block-categories block-categories-1 is-ajax-categories rb-columns rb-col-5 rb-tcol-3 is-gap-10 meta-s-default\"><div class=\"block-loader\"><svg class=\"svg-icon svg-loading\" aria-hidden=\"true\" role=\"img\" focusable=\"false\" version=\"1.1\" viewBox=\"0 0 66 100\" xmlns=\"http:\/\/www.w3.org\/2000\/svg\"><circle cx=\"6\" cy=\"50\" r=\"6\" fill=\"currentColor\"><animateTransform attributeName=\"transform\" begin=\"0.1\" dur=\"1s\" repeatCount=\"indefinite\" type=\"translate\" values=\"0 15 ; 0 -15; 0 15\"\/><\/circle><circle cx=\"30\" cy=\"50\" r=\"6\" fill=\"currentColor\"><animateTransform attributeName=\"transform\" begin=\"0.2\" dur=\"1s\" repeatCount=\"indefinite\" type=\"translate\" values=\"0 10 ; 0 -10; 0 10\"\/><\/circle><circle cx=\"54\" cy=\"50\" r=\"6\" fill=\"currentColor\"><animateTransform attributeName=\"transform\" begin=\"0.3\" dur=\"1s\" repeatCount=\"indefinite\" type=\"translate\" values=\"0 5 ; 0 -5; 0 5\"\/><\/circle><\/svg><\/div><\/div>\t\t\t\t<\/div>\n\t\t\t\t<\/div>\n\t\t\t\t<div class=\"elementor-element elementor-element-e5b35de elementor-widget elementor-widget-foxiz-heading\" data-id=\"e5b35de\" data-element_type=\"widget\" data-e-type=\"widget\" data-widget_type=\"foxiz-heading.default\">\n\t\t\t\t<div class=\"elementor-widget-container\">\n\t\t\t\t\t<div id=\"uid_e5b35de\" class=\"block-h heading-layout-10\"><div class=\"heading-inner\"><h3 class=\"heading-title\"><span>Gesti\u00f3n<\/span><\/h3><\/div><\/div>\t\t\t\t<\/div>\n\t\t\t\t<\/div>\n\t\t\t\t<div class=\"elementor-element elementor-element-319edc1 elementor-widget elementor-widget-foxiz-categories-1\" data-id=\"319edc1\" data-element_type=\"widget\" data-e-type=\"widget\" data-widget_type=\"foxiz-categories-1.default\">\n\t\t\t\t<div class=\"elementor-widget-container\">\n\t\t\t\t\t<div id=\"uid_319edc1\" class=\"block-wrap block-categories block-categories-1 is-ajax-categories rb-columns rb-col-5 rb-tcol-3 is-gap-10 meta-s-default\"><div class=\"block-loader\"><svg class=\"svg-icon svg-loading\" aria-hidden=\"true\" role=\"img\" focusable=\"false\" version=\"1.1\" viewBox=\"0 0 66 100\" xmlns=\"http:\/\/www.w3.org\/2000\/svg\"><circle cx=\"6\" cy=\"50\" r=\"6\" fill=\"currentColor\"><animateTransform attributeName=\"transform\" begin=\"0.1\" dur=\"1s\" repeatCount=\"indefinite\" type=\"translate\" values=\"0 15 ; 0 -15; 0 15\"\/><\/circle><circle cx=\"30\" cy=\"50\" r=\"6\" fill=\"currentColor\"><animateTransform attributeName=\"transform\" begin=\"0.2\" dur=\"1s\" repeatCount=\"indefinite\" type=\"translate\" values=\"0 10 ; 0 -10; 0 10\"\/><\/circle><circle cx=\"54\" cy=\"50\" r=\"6\" fill=\"currentColor\"><animateTransform attributeName=\"transform\" begin=\"0.3\" dur=\"1s\" repeatCount=\"indefinite\" type=\"translate\" values=\"0 5 ; 0 -5; 0 5\"\/><\/circle><\/svg><\/div><\/div>\t\t\t\t<\/div>\n\t\t\t\t<\/div>\n\t\t\t\t\t<\/div>\n\t\t<\/div>\n\t\t\t\t\t<\/div>\n\t\t<\/section>\n\t\t\t\t\t<\/div>\n\t\t<\/div>\n\t\t\t\t\t<\/div>\n\t\t<\/section>\n\t\t\t\t<\/div>\n\t\t","protected":false},"excerpt":{"rendered":"<p>Customizar Preferencias Pod\u00e9s obtener actualizaciones para tus Preferencias. Siguiendo cualquier categor\u00eda que desees ver en Tunther o cuando est\u00e9 navegando en la Grilla de Lectura Finanzas Gesti\u00f3n<\/p>\n","protected":false},"author":2,"featured_media":0,"parent":0,"menu_order":0,"comment_status":"closed","ping_status":"closed","template":"","meta":{"footnotes":""},"class_list":["post-1237","page","type-page","status-publish"],"_links":{"self":[{"href":"https:\/\/tunther.com.ar\/sitio\/wp-json\/wp\/v2\/pages\/1237","targetHints":{"allow":["GET"]}}],"collection":[{"href":"https:\/\/tunther.com.ar\/sitio\/wp-json\/wp\/v2\/pages"}],"about":[{"href":"https:\/\/tunther.com.ar\/sitio\/wp-json\/wp\/v2\/types\/page"}],"author":[{"embeddable":true,"href":"https:\/\/tunther.com.ar\/sitio\/wp-json\/wp\/v2\/users\/2"}],"replies":[{"embeddable":true,"href":"https:\/\/tunther.com.ar\/sitio\/wp-json\/wp\/v2\/comments?post=1237"}],"version-history":[{"count":16,"href":"https:\/\/tunther.com.ar\/sitio\/wp-json\/wp\/v2\/pages\/1237\/revisions"}],"predecessor-version":[{"id":2678,"href":"https:\/\/tunther.com.ar\/sitio\/wp-json\/wp\/v2\/pages\/1237\/revisions\/2678"}],"wp:attachment":[{"href":"https:\/\/tunther.com.ar\/sitio\/wp-json\/wp\/v2\/media?parent=1237"}],"curies":[{"name":"wp","href":"https:\/\/api.w.org\/{rel}","templated":true}]}}