{"id":1502,"date":"2021-11-04T11:45:08","date_gmt":"2021-11-04T11:45:08","guid":{"rendered":"https:\/\/foxiz.themeruby.com\/default\/?page_id=1481"},"modified":"2024-03-07T01:08:18","modified_gmt":"2024-03-07T01:08:18","slug":"contact","status":"publish","type":"page","link":"https:\/\/tunther.com.ar\/sitio\/contact\/","title":{"rendered":"Contact"},"content":{"rendered":"\t\t<div data-elementor-type=\"wp-page\" data-elementor-id=\"1502\" class=\"elementor elementor-1502\">\n\t\t\t\t\t\t<section class=\"elementor-section elementor-top-section elementor-element elementor-element-caffc90 elementor-section-boxed elementor-section-height-default elementor-section-height-default\" data-id=\"caffc90\" data-element_type=\"section\" data-e-type=\"section\">\n\t\t\t\t\t\t<div class=\"elementor-container elementor-column-gap-custom\">\n\t\t\t\t\t<div class=\"elementor-column elementor-col-100 elementor-top-column elementor-element elementor-element-93fc17a\" data-id=\"93fc17a\" data-element_type=\"column\" data-e-type=\"column\">\n\t\t\t<div class=\"elementor-widget-wrap elementor-element-populated\">\n\t\t\t\t\t\t<div class=\"elementor-element elementor-element-c186811 elementor-widget elementor-widget-foxiz-heading\" data-id=\"c186811\" data-element_type=\"widget\" data-e-type=\"widget\" data-widget_type=\"foxiz-heading.default\">\n\t\t\t\t<div class=\"elementor-widget-container\">\n\t\t\t\t\t<div id=\"uid_c186811\" class=\"block-h heading-layout-c10\"><div class=\"heading-inner\"><h3 class=\"heading-title\"><span>Estamos a un click!<\/span><\/h3><\/div><\/div>\t\t\t\t<\/div>\n\t\t\t\t<\/div>\n\t\t\t\t<div class=\"elementor-element elementor-element-25c3c22 elementor-widget elementor-widget-foxiz-heading\" data-id=\"25c3c22\" data-element_type=\"widget\" data-e-type=\"widget\" data-widget_type=\"foxiz-heading.default\">\n\t\t\t\t<div class=\"elementor-widget-container\">\n\t\t\t\t\t<div id=\"uid_25c3c22\" class=\"block-h heading-layout-c10\"><div class=\"heading-inner\"><h1 class=\"heading-title\"><span>Contact\u00e1nos<\/span><\/h1><\/div><\/div>\t\t\t\t<\/div>\n\t\t\t\t<\/div>\n\t\t\t\t\t<\/div>\n\t\t<\/div>\n\t\t\t\t\t<\/div>\n\t\t<\/section>\n\t\t\t\t<section class=\"elementor-section elementor-top-section elementor-element elementor-element-6ba5260 elementor-section-boxed elementor-section-height-default elementor-section-height-default\" data-id=\"6ba5260\" data-element_type=\"section\" data-e-type=\"section\">\n\t\t\t\t\t\t<div class=\"elementor-container elementor-column-gap-custom\">\n\t\t\t\t\t<div class=\"elementor-column elementor-col-66 elementor-top-column elementor-element elementor-element-ffe814a\" data-id=\"ffe814a\" data-element_type=\"column\" data-e-type=\"column\">\n\t\t\t<div class=\"elementor-widget-wrap elementor-element-populated\">\n\t\t\t\t\t\t<div class=\"elementor-element elementor-element-5399611 elementor-widget elementor-widget-html\" data-id=\"5399611\" data-element_type=\"widget\" data-e-type=\"widget\" data-widget_type=\"html.default\">\n\t\t\t\t<div class=\"elementor-widget-container\">\n\t\t\t\t\t<h3>Atenci\u00f3n al Cliente &amp; Soporte t\u00e9cnico<\/h3>\n<p style=\"margin-top: 15px;font-size: 14px;font-style: italic\">As we Completa los datos requeridos, nos pondremos en contacto a la brevedad. Gracias.<br>Staff Tunther\n\n<\/p>\t\t\t\t<\/div>\n\t\t\t\t<\/div>\n\t\t\t\t<div class=\"elementor-element elementor-element-3125def elementor-widget elementor-widget-shortcode\" data-id=\"3125def\" data-element_type=\"widget\" data-e-type=\"widget\" data-widget_type=\"shortcode.default\">\n\t\t\t\t<div class=\"elementor-widget-container\">\n\t\t\t\t\t\t\t<div class=\"elementor-shortcode\">\n<div class=\"wpcf7 no-js\" id=\"wpcf7-f15-o1\" lang=\"es-ES\" dir=\"ltr\" data-wpcf7-id=\"15\">\n<div class=\"screen-reader-response\"><p role=\"status\" aria-live=\"polite\" aria-atomic=\"true\"><\/p> <ul><\/ul><\/div>\n<form action=\"\/sitio\/wp-json\/wp\/v2\/pages\/1502#wpcf7-f15-o1\" method=\"post\" class=\"wpcf7-form init\" aria-label=\"Formulario de contacto\" novalidate=\"novalidate\" data-status=\"init\">\n<fieldset class=\"hidden-fields-container\"><input type=\"hidden\" name=\"_wpcf7\" value=\"15\" \/><input type=\"hidden\" name=\"_wpcf7_version\" value=\"6.1.5\" \/><input type=\"hidden\" name=\"_wpcf7_locale\" value=\"es_ES\" \/><input type=\"hidden\" name=\"_wpcf7_unit_tag\" value=\"wpcf7-f15-o1\" \/><input type=\"hidden\" name=\"_wpcf7_container_post\" value=\"0\" \/><input type=\"hidden\" name=\"_wpcf7_posted_data_hash\" value=\"\" \/>\n<\/fieldset>\n<label> Tu nombre\n    <span class=\"wpcf7-form-control-wrap\" data-name=\"your-name\"><input size=\"40\" maxlength=\"400\" class=\"wpcf7-form-control wpcf7-text wpcf7-validates-as-required\" autocomplete=\"name\" aria-required=\"true\" aria-invalid=\"false\" value=\"\" type=\"text\" name=\"your-name\" \/><\/span> <\/label>\n\n<label> Tu correo electr\u00f3nico\n    <span class=\"wpcf7-form-control-wrap\" data-name=\"your-email\"><input size=\"40\" maxlength=\"400\" class=\"wpcf7-form-control wpcf7-email wpcf7-validates-as-required wpcf7-text wpcf7-validates-as-email\" autocomplete=\"email\" aria-required=\"true\" aria-invalid=\"false\" value=\"\" type=\"email\" name=\"your-email\" \/><\/span> <\/label>\n\n<label> Asunto\n    <span class=\"wpcf7-form-control-wrap\" data-name=\"your-subject\"><input size=\"40\" maxlength=\"400\" class=\"wpcf7-form-control wpcf7-text wpcf7-validates-as-required\" aria-required=\"true\" aria-invalid=\"false\" value=\"\" type=\"text\" name=\"your-subject\" \/><\/span> <\/label>\n\n<label> Tu mensaje (opcional)\n    <span class=\"wpcf7-form-control-wrap\" data-name=\"your-message\"><textarea cols=\"40\" rows=\"10\" maxlength=\"2000\" class=\"wpcf7-form-control wpcf7-textarea\" aria-invalid=\"false\" name=\"your-message\"><\/textarea><\/span> <\/label>\n\n<input class=\"wpcf7-form-control wpcf7-submit has-spinner\" type=\"submit\" value=\"Enviar\" \/><div class=\"wpcf7-response-output\" aria-hidden=\"true\"><\/div>\n<\/form>\n<\/div>\n<\/div>\n\t\t\t\t\t\t<\/div>\n\t\t\t\t<\/div>\n\t\t\t\t\t<\/div>\n\t\t<\/div>\n\t\t\t\t<div class=\"elementor-column elementor-col-33 elementor-top-column elementor-element elementor-element-75972dc\" data-id=\"75972dc\" data-element_type=\"column\" data-e-type=\"column\">\n\t\t\t<div class=\"elementor-widget-wrap elementor-element-populated\">\n\t\t\t\t\t\t<div class=\"elementor-element elementor-element-ffc669c elementor-widget elementor-widget-sidebar\" data-id=\"ffc669c\" data-element_type=\"widget\" data-e-type=\"widget\" data-widget_type=\"sidebar.default\">\n\t\t\t\t<div class=\"elementor-widget-container\">\n\t\t\t\t\t\t\t<div data-elementor-type=\"wp-post\" data-elementor-id=\"1752\" class=\"elementor elementor-1752\">\n\t\t\t\t\t\t<section class=\"elementor-section elementor-top-section elementor-element elementor-element-10436d6 elementor-section-boxed elementor-section-height-default elementor-section-height-default\" data-id=\"10436d6\" data-element_type=\"section\" data-e-type=\"section\">\n\t\t\t\t\t\t<div class=\"elementor-container elementor-column-gap-no\">\n\t\t\t\t\t<div class=\"elementor-column elementor-col-100 elementor-top-column elementor-element elementor-element-2859017\" data-id=\"2859017\" data-element_type=\"column\" data-e-type=\"column\">\n\t\t\t<div class=\"elementor-widget-wrap elementor-element-populated\">\n\t\t\t\t\t\t<div class=\"elementor-element elementor-element-9fd7a14 elementor-widget elementor-widget-foxiz-heading\" data-id=\"9fd7a14\" data-element_type=\"widget\" data-e-type=\"widget\" data-widget_type=\"foxiz-heading.default\">\n\t\t\t\t<div class=\"elementor-widget-container\">\n\t\t\t\t\t<div id=\"uid_9fd7a14\" class=\"block-h heading-layout-c10\"><div class=\"heading-inner\"><h3 class=\"heading-title\"><span>Seguinos<\/span><\/h3><div class=\"heading-tagline h6\"><span class=\"heading-tagline-label\">En nuestras Redes Sociales<\/span><\/div><\/div><\/div>\t\t\t\t<\/div>\n\t\t\t\t<\/div>\n\t\t\t\t<div class=\"elementor-element elementor-element-b91f801 yes-colorful elementor-widget elementor-widget-foxiz-social-follower\" data-id=\"b91f801\" data-element_type=\"widget\" data-e-type=\"widget\" data-widget_type=\"foxiz-social-follower.default\">\n\t\t\t\t<div class=\"elementor-widget-container\">\n\t\t\t\t\t<div class=\"socials-counter h6 is-style-2 is-gcol-4 is-icon-color is-h-icon-bg\"><div class=\"social-follower effect-fadeout\"><div class=\"follower-el fb-follower\"><a target=\"_blank\" href=\"https:\/\/facebook.com\/https:\/\/www.facebook.com\/tunther\" class=\"facebook\" aria-label=\"Facebook\" rel=\"noopener nofollow\"><\/a><span class=\"follower-inner\"><span class=\"fnicon\"><i class=\"rbi rbi-facebook\" aria-hidden=\"true\"><\/i><\/span><span class=\"fntotal\">15.7k<\/span><span class=\"text-count\">Like<\/span><\/span><\/div><div class=\"follower-el twitter-follower\"><a target=\"_blank\" href=\"https:\/\/twitter.com\/https:\/\/www.twitter.com\/tunther\" class=\"twitter\" aria-label=\"Twitter\" rel=\"noopener nofollow\"><\/a><span class=\"follower-inner\"><span class=\"fnicon\"><i class=\"rbi rbi-twitter\" aria-hidden=\"true\"><\/i><\/span><span class=\"fntotal\">3.33M<\/span><span class=\"text-count\">Follow<\/span><\/span><\/div><div class=\"follower-el instagram-follower\"><a target=\"_blank\" href=\"https:\/\/instagram.com\/https:\/\/www.instagram.com\/tunther\" class=\"instagram\" aria-label=\"Instagram\" rel=\"noopener nofollow\"><\/a><span class=\"follower-inner\"><span class=\"fnicon\"><i class=\"rbi rbi-instagram\" aria-hidden=\"true\"><\/i><\/span><span class=\"fntotal\">2.29M<\/span><span class=\"text-count\">Follow<\/span><\/span><\/div><div class=\"follower-el youtube-follower\"><a target=\"_blank\" href=\"https:\/\/www.youtube.com\/tunther\" class=\"youtube\" aria-label=\"Youtube\" rel=\"noopener nofollow\"><\/a><span class=\"follower-inner\"><span class=\"fnicon\"><i class=\"rbi rbi-youtube\" aria-hidden=\"true\"><\/i><\/span><span class=\"fntotal\">388.2k<\/span><span class=\"text-count\">Subscribe<\/span><\/span><\/div><\/div><\/div>\t\t\t\t<\/div>\n\t\t\t\t<\/div>\n\t\t\t\t<div class=\"elementor-element elementor-element-7b626eb c-align-center elementor-widget elementor-widget-foxiz-newsletter-3\" data-id=\"7b626eb\" data-element_type=\"widget\" data-e-type=\"widget\" data-widget_type=\"foxiz-newsletter-3.default\">\n\t\t\t\t<div class=\"elementor-widget-container\">\n\t\t\t\t\t<div class=\"newsletter-sb newsletter-style is-box-gray-dash\"><div class=\"newsletter-sb-inner\"><h2 class=\"newsletter-title\">NUESTRO NEWSLETTER<\/h2><p class=\"newsletter-description\">Suscr\u00edbite a nuestro bolet\u00edn para obtener nuestros art\u00edculos m\u00e1s nuevos al instante!<\/p><div class=\"newsletter-sb-form\"><script>(function() {\n\twindow.mc4wp = window.mc4wp || {\n\t\tlisteners: [],\n\t\tforms: {\n\t\t\ton: function(evt, cb) {\n\t\t\t\twindow.mc4wp.listeners.push(\n\t\t\t\t\t{\n\t\t\t\t\t\tevent   : evt,\n\t\t\t\t\t\tcallback: cb\n\t\t\t\t\t}\n\t\t\t\t);\n\t\t\t}\n\t\t}\n\t}\n})();\n<\/script><!-- Mailchimp for WordPress v4.12.1 - https:\/\/wordpress.org\/plugins\/mailchimp-for-wp\/ --><form id=\"mc4wp-form-1\" class=\"mc4wp-form mc4wp-form-2352\" method=\"post\" data-id=\"2352\" data-name=\"newsletter\" ><div class=\"mc4wp-form-fields\"><p>\r\n\t<label>Direcci\u00f3n de correo electr\u00f3nico: \r\n\t\t<input type=\"email\" name=\"EMAIL\" placeholder=\"Tu direcci\u00f3n de correo electr\u00f3nico\" required \/>\r\n<\/label>\r\n<\/p>\r\n\r\n<p>\r\n\t<input type=\"submit\" value=\"Registro\" \/>\r\n<\/p><\/div><label style=\"display: none !important;\">Deja vac\u00edo este campo si eres humano: <input type=\"text\" name=\"_mc4wp_honeypot\" value=\"\" tabindex=\"-1\" autocomplete=\"off\" \/><\/label><input type=\"hidden\" name=\"_mc4wp_timestamp\" value=\"1776304705\" \/><input type=\"hidden\" name=\"_mc4wp_form_id\" value=\"2352\" \/><input type=\"hidden\" name=\"_mc4wp_form_element_id\" value=\"mc4wp-form-1\" \/><div class=\"mc4wp-response\"><\/div><\/form><!-- \/ Mailchimp for WordPress Plugin --><\/div><\/div><\/div>\t\t\t\t<\/div>\n\t\t\t\t<\/div>\n\t\t\t\t<div class=\"elementor-element elementor-element-93fac4a elementor-widget elementor-widget-foxiz-heading\" data-id=\"93fac4a\" data-element_type=\"widget\" data-e-type=\"widget\" data-widget_type=\"foxiz-heading.default\">\n\t\t\t\t<div class=\"elementor-widget-container\">\n\t\t\t\t\t<div id=\"uid_93fac4a\" class=\"block-h heading-layout-10\"><div class=\"heading-inner\"><h5 class=\"heading-title\"><span>Lo m\u00e1s Visto<\/span><\/h5><\/div><\/div>\t\t\t\t<\/div>\n\t\t\t\t<\/div>\n\t\t\t\t<div class=\"elementor-element elementor-element-40d34d5 elementor-widget elementor-widget-foxiz-hierarchical-1\" data-id=\"40d34d5\" data-element_type=\"widget\" data-e-type=\"widget\" data-widget_type=\"foxiz-hierarchical-1.default\">\n\t\t\t\t<div class=\"elementor-widget-container\">\n\t\t\t\t\t<div id=\"uid_40d34d5\" class=\"block-wrap block-hrc hrc-1 ecat-bg-4 meta-s-default\"><div class=\"block-inner\">\t\t<div class=\"p-wrap p-grid p-grid-1\" data-pid=\"2582\">\r\n\t\t\t\t<div class=\"feat-holder overlay-text\">\r\n\t\t\t\t\t\t<div class=\"p-featured\">\r\n\t\t\t\t\t<a class=\"p-flink\" href=\"https:\/\/tunther.com.ar\/sitio\/6-consecuencias-de-no-planificar\/\" title=\"6 consecuencias de no planificar\">\r\n\t\t\t<img loading=\"lazy\" decoding=\"async\" width=\"300\" height=\"168\" src=\"https:\/\/tunther.com.ar\/sitio\/wp-content\/uploads\/2024\/03\/pf3s.jpg\" class=\"featured-img wp-post-image\" alt=\"\" loading=\"lazy\" \/>\t\t<\/a>\r\n\t\t\t\t<\/div>\r\n\t<div class=\"p-categories p-top\"><a class=\"p-category category-id-4\" href=\"https:\/\/tunther.com.ar\/sitio\/secciones\/finanzas\/planificacion-financiera\/\" rel=\"category\">PLANIFICACION FINANCIERA<\/a><\/div>\t\t\t<\/div>\r\n\t\t<h3 class=\"entry-title\">\t\t<a class=\"p-url\" href=\"https:\/\/tunther.com.ar\/sitio\/6-consecuencias-de-no-planificar\/\" rel=\"bookmark\">6 consecuencias de no planificar<\/a><\/h3>\t\t\t<div class=\"p-meta\">\r\n\t\t\t\t<div class=\"meta-inner is-meta\">\r\n\t\t\t\t\t\t\t<a class=\"meta-el meta-avatar\" href=\"https:\/\/tunther.com.ar\/sitio\/author\/marcelo\/\"><img data-del=\"avatar\" alt=\"Marcelo Olivet\" src='https:\/\/tunther.com.ar\/sitio\/wp-content\/uploads\/2024\/06\/IMG_0272-150x150.jpg' class='avatar pp-user-avatar avatar-44 photo ' height='44' width='44'\/><\/a>\r\n\t\t<span class=\"meta-el meta-author\">\r\n\t\t\t\t<a href=\"https:\/\/tunther.com.ar\/sitio\/author\/marcelo\/\">Marcelo Olivet<\/a>\r\n\t\t\t\t<\/span>\r\n\t\t<span class=\"meta-el meta-date\">\r\n\t\t\t\t<time  datetime=\"2024-03-05T21:44:52+00:00\">5 marzo, 2024<\/time>\r\n\t\t<\/span>\t\t\t\t<\/div>\r\n\t\t\t\t\t\t\t<\/div>\r\n\t\t\t\t<\/div>\r\n\t\t\t<div class=\"p-wrap p-list-inline\" data-pid=\"1376\">\r\n\t<span class=\"entry-title h5\"><i class=\"rbi rbi-plus\"><\/i>\t\t<a class=\"p-url\" href=\"https:\/\/tunther.com.ar\/sitio\/people-in-the-northeast-could-prevent-a-covid-19-by-following-these-measures\/\" rel=\"bookmark\">Claves para la gesti\u00f3n de Cambio<\/a><\/span>\t\t<\/div>\r\n\t\t\t<div class=\"p-wrap p-list-inline\" data-pid=\"1300\">\r\n\t<span class=\"entry-title h5\"><i class=\"rbi rbi-plus\"><\/i>\t\t<a class=\"p-url\" href=\"https:\/\/tunther.com.ar\/sitio\/business-casual-the-definitive-guide-for-women-to-be-stylish-at-work\/\" rel=\"bookmark\">Tipos de planes de negocios<\/a><\/span>\t\t<\/div>\r\n\t\t\t<div class=\"p-wrap p-list-inline\" data-pid=\"2502\">\r\n\t<span class=\"entry-title h5\"><i class=\"rbi rbi-plus\"><\/i>\t\t<a class=\"p-url\" href=\"https:\/\/tunther.com.ar\/sitio\/crear-una-experiencia-b2b-con-beneficios-para-todos\/\" rel=\"bookmark\">Crear una experiencia B2B con beneficios para todos<\/a><\/span>\t\t<\/div>\r\n\t\t\t<div class=\"p-wrap p-list-inline\" data-pid=\"178\">\r\n\t<span class=\"entry-title h5\"><i class=\"rbi rbi-plus\"><\/i>\t\t<a class=\"p-url\" href=\"https:\/\/tunther.com.ar\/sitio\/explained-what-are-smart-glasses-and-how-do-it-work\/\" rel=\"bookmark\">Reducci\u00f3n de costos: 7 formas de Lograrlo<\/a><\/span>\t\t<\/div>\r\n\t<\/div><\/div>\t\t\t\t<\/div>\n\t\t\t\t<\/div>\n\t\t\t\t<div class=\"elementor-element elementor-element-d4b88c0 elementor-widget elementor-widget-foxiz-ad-image\" data-id=\"d4b88c0\" data-element_type=\"widget\" data-e-type=\"widget\" data-widget_type=\"foxiz-ad-image.default\">\n\t\t\t\t<div class=\"elementor-widget-container\">\n\t\t\t\t\t<div class=\"ad-wrap ad-image-wrap\"><span class=\"ad-description is-meta\">- Advertisement -<\/span><div class=\"ad-image\"><img loading=\"lazy\" loading=\"lazy\" decoding=\"async\" src=\"https:\/\/tunther.com.ar\/sitio\/wp-content\/uploads\/2022\/04\/MANOS-1.jpg\" alt=\"Ad image\" width=\"300\" height=\"250\"\/><\/div><\/div>\t\t\t\t<\/div>\n\t\t\t\t<\/div>\n\t\t\t\t\t<\/div>\n\t\t<\/div>\n\t\t\t\t\t<\/div>\n\t\t<\/section>\n\t\t\t\t<\/div>\n\t\t\t\t\t\t<\/div>\n\t\t\t\t<\/div>\n\t\t\t\t\t<\/div>\n\t\t<\/div>\n\t\t\t\t\t<\/div>\n\t\t<\/section>\n\t\t\t\t<\/div>\n\t\t","protected":false},"excerpt":{"rendered":"<p>Estamos a un click! Contact\u00e1nos Atenci\u00f3n al Cliente &amp; Soporte t\u00e9cnico As we Completa los datos requeridos, nos pondremos en contacto a la brevedad. Gracias.Staff Tunther<\/p>\n","protected":false},"author":2,"featured_media":0,"parent":0,"menu_order":0,"comment_status":"closed","ping_status":"closed","template":"","meta":{"footnotes":""},"class_list":["post-1502","page","type-page","status-publish"],"_links":{"self":[{"href":"https:\/\/tunther.com.ar\/sitio\/wp-json\/wp\/v2\/pages\/1502","targetHints":{"allow":["GET"]}}],"collection":[{"href":"https:\/\/tunther.com.ar\/sitio\/wp-json\/wp\/v2\/pages"}],"about":[{"href":"https:\/\/tunther.com.ar\/sitio\/wp-json\/wp\/v2\/types\/page"}],"author":[{"embeddable":true,"href":"https:\/\/tunther.com.ar\/sitio\/wp-json\/wp\/v2\/users\/2"}],"replies":[{"embeddable":true,"href":"https:\/\/tunther.com.ar\/sitio\/wp-json\/wp\/v2\/comments?post=1502"}],"version-history":[{"count":18,"href":"https:\/\/tunther.com.ar\/sitio\/wp-json\/wp\/v2\/pages\/1502\/revisions"}],"predecessor-version":[{"id":2741,"href":"https:\/\/tunther.com.ar\/sitio\/wp-json\/wp\/v2\/pages\/1502\/revisions\/2741"}],"wp:attachment":[{"href":"https:\/\/tunther.com.ar\/sitio\/wp-json\/wp\/v2\/media?parent=1502"}],"curies":[{"name":"wp","href":"https:\/\/api.w.org\/{rel}","templated":true}]}}