{"id":2681,"date":"2024-03-06T18:55:28","date_gmt":"2024-03-06T18:55:28","guid":{"rendered":"https:\/\/tunther.com.ar\/sitio\/?page_id=2681"},"modified":"2024-03-06T19:41:54","modified_gmt":"2024-03-06T19:41:54","slug":"terminos-y-condiciones","status":"publish","type":"page","link":"https:\/\/tunther.com.ar\/sitio\/terminos-y-condiciones\/","title":{"rendered":"T\u00e9rminos y condiciones"},"content":{"rendered":"\n<p>El registro y uso de los Servicios Digitales por parte de un usuario (en adelante el \u201cUsuario\/s\u201d) indica la aceptaci\u00f3n absoluta de estos T\u00e9rminos y Condiciones y la Pol\u00edtica de Privacidad.<\/p>\n\n\n\n<p>El acceso a los Servicios Digitales es gratuito y abierto. El Usuario garantiza y declara que es mayor de 18 a\u00f1os, y\/o, en su caso, que cuenta con la autorizaci\u00f3n expresa de sus padres o tutores para acceder al sitio web y que es competente para comprender y aceptar sin reservas las obligaciones, declaraciones, representaciones y garant\u00edas establecidas en estos T\u00e9rminos y condiciones. Por su parte, el Estado Nacional, en adelante \u201cel Administrador\u201d, se exime de responsabilidad en caso de que la informaci\u00f3n proporcionada al respecto no sea veraz.<\/p>\n\n\n\n<p><strong>Usuarios, obligaciones, responsabilidad y condiciones<\/strong><\/p>\n\n\n\n<p>El Usuario deber\u00e1 respetar los presentes T\u00e9rminos y Condiciones de Uso del sitio web. Las violaciones por acci\u00f3n u omisi\u00f3n de los presentes T\u00e9rminos y Condiciones de Uso generar\u00e1n el derecho a favor del Administrador de suspender al Usuario que las realiz\u00f3.<\/p>\n\n\n\n<p>El Usuario se compromete a utilizar los Servicios Digitales de conformidad con estos T\u00e9rminos y Condiciones, de forma correcta y l\u00edcita. En caso contrario, el Administrador podr\u00e1 suspender la cuenta del Usuario, consider\u00e1ndola: violatoria de estos T\u00e9rminos y Condiciones y\/o de la Pol\u00edtica de Privacidad de estos Servicios Digitales, ofensiva, ilegal, violatoria de derechos de terceros, contraria a la moral y las buenas costumbres y atenta contra la seguridad. de otros Usuarios.<\/p>\n\n\n\n<p>Sin embargo, esta posibilidad no implica necesariamente que se haya revisado el contenido de toda la informaci\u00f3n disponible en los Servicios Digitales.<\/p>\n\n\n\n<p>El Usuario se compromete a:<\/p>\n\n\n\n<ul class=\"wp-block-list\">\n<li>No acceda a datos restringidos ni intente violar las barreras de seguridad para acceder a ellos.<\/li>\n\n\n\n<li>No busque vulnerabilidades ni las explote para ning\u00fan prop\u00f3sito.<\/li>\n\n\n\n<li>No revelar informaci\u00f3n sobre la detecci\u00f3n de vulnerabilidades encontradas en los Servicios Digitales. Comunicar al Administrador toda informaci\u00f3n a la que tenga acceso que pueda implicar un compromiso con la seguridad de la informaci\u00f3n o servicios digitales.<\/li>\n<\/ul>\n\n\n\n<p>El uso adecuado de todos los recursos de Internet es, sin excepci\u00f3n, de entera responsabilidad del Usuario de los Servicios Digitales.<\/p>\n\n\n\n<p><strong>actividades prohibidas<\/strong><\/p>\n\n\n\n<p>Quedan expresamente prohibidas las siguientes actividades, sin perjuicio de las prohibiciones generales antes se\u00f1aladas:<\/p>\n\n\n\n<ul class=\"wp-block-list\">\n<li>Acosar, acosar, amenazar, acechar, realizar actos vand\u00e1licos hacia otros Usuarios.<\/li>\n\n\n\n<li>Infringir los derechos de privacidad de otros Usuarios.<\/li>\n\n\n\n<li>Solicitar informaci\u00f3n de identificaci\u00f3n personal de otros Usuarios con el fin de acosar, atacar, explotar o violar su privacidad; Publicar intencionalmente o a sabiendas injurias o calumnias; Publicar, con la intenci\u00f3n de enga\u00f1ar, contenido falso o inexacto;<\/li>\n\n\n\n<li>Intentar hacerse pasar por otro Usuario representando falsamente su afiliaci\u00f3n con cualquier individuo o entidad, o utilizar el nombre de otro Usuario con el fin de enga\u00f1ar;<\/li>\n\n\n\n<li>Promover, defender o mostrar pornograf\u00eda, obscenidad, vulgaridad, blasfemia, odio, intolerancia, racismo y\/o violencia.<\/li>\n\n\n\n<li>Violar los derechos establecidos en la Ley 25.326 de Protecci\u00f3n de Datos Personales.<\/li>\n<\/ul>\n\n\n\n<p>Si experimenta alguna de estas situaciones, deber\u00e1 comunicarse con el Administrador a trav\u00e9s de <a href=\"mailto:admin@tunther.com.ar\">admin@tunther.com.ar<\/a><\/p>\n\n\n\n<p><strong>Uso general a trav\u00e9s de cuenta en <\/strong>tunther.com.ar<\/p>\n\n\n\n<p>Requiere registro previo a trav\u00e9s de un formulario online que deber\u00e1 ser cumplimentado por el Usuario. De esta forma las personas podr\u00e1n registrarse y crear una contrase\u00f1a que les permitir\u00e1 acceder a la plataforma.<\/p>\n\n\n\n<p>Los datos personales proporcionados por el Usuario al registrarse en el sitio web est\u00e1n protegidos con contrase\u00f1a y s\u00f3lo pueden ser modificados por el propio Usuario.<\/p>\n\n\n\n<p>El sitio web se reserva el derecho de realizar validaciones en relaci\u00f3n a la informaci\u00f3n proporcionada por el Usuario en el momento del registro. En caso de que la informaci\u00f3n proporcionada no pueda ser validada, el Administrador se reserva el derecho de no registrar a ese Usuario.<\/p>\n\n\n\n<p>Al momento de registrarse, el Usuario asume el compromiso y responsabilidad de:<\/p>\n\n\n\n<ul class=\"wp-block-list\">\n<li>No proporciones informaci\u00f3n personal falsa ni crees cuentas a nombre de terceros. No cree m\u00e1s de una cuenta personal. No crear otra cuenta sin permiso expreso del Administrador, en caso de que este haya inhabilitado la cuenta original. Mantenga la informaci\u00f3n de contacto precisa y actualizada. No comparta su contrase\u00f1a ni permita que nadie m\u00e1s acceda a su cuenta.<\/li>\n\n\n\n<li>El Usuario se compromete a notificar al Administrador sobre cualquier uso no autorizado de su contrase\u00f1a.<\/li>\n\n\n\n<li>El Administrador se reserva el derecho de rechazar cualquier solicitud de registro o cancelar un registro previamente aceptado.<\/li>\n<\/ul>\n\n\n\n<p><strong>Propiedad intelectual<\/strong><\/p>\n\n\n\n<p>La expresi\u00f3n de ideas, procedimientos, m\u00e9todos de operaci\u00f3n y conceptos matem\u00e1ticos de conformidad con lo dispuesto en el art\u00edculo 1 de la Ley 11.723 y sus modificatorias, as\u00ed como marcas, avisos, nombres comerciales, publicidad, dibujos, dise\u00f1os, logotipos, textos, entre otros. , que aparecen en los Servicios Digitales son propiedad del Administrador, salvo que se indique lo contrario.<\/p>\n\n\n\n<p>El Administrador licencia todos sus contenidos bajo la licencia Creative Commons Attribution 4.0 Internacional, cuyo texto legal se puede encontrar en creativecommons.org\/licenses\/by\/4.0\/deed.es, salvo que se indique lo contrario.<\/p>\n\n\n\n<p><strong>Informaci\u00f3n al Usuario titular de los datos personales<\/strong><\/p>\n\n\n\n<p>El Usuario que utiliza el sitio web podr\u00e1 proporcionar algunos datos de car\u00e1cter personal con la finalidad de mantenerse en contacto y recibir informaci\u00f3n sobre los servicios que se ponen a su disposici\u00f3n en relaci\u00f3n con los servicios utilizados.<\/p>\n\n\n\n<p>La Subsecretaria de Servicios y Pa\u00eds Digital, con domicilio legal en Av. Roque S\u00e1enz Pe\u00f1a 788, es el responsable de las Bases de Datos a las que se incorporar\u00e1n los datos personales proporcionados. Han sido debidamente registrados ante la Direcci\u00f3n Nacional de Protecci\u00f3n de Datos Personales en los t\u00e9rminos de la Ley 25.326 de Protecci\u00f3n de Datos Personales.<\/p>\n\n\n\n<p>El Administrador garantiza que el Usuario dispone de la informaci\u00f3n veraz y necesaria para decidir de forma expresa, libre y voluntaria si desea facilitar sus datos personales, informando a tal efecto de las consecuencias de hacerlo, de la negativa y de la inexactitud de los mismos. .<\/p>\n\n\n\n<p>En ning\u00fan caso la facilitaci\u00f3n de datos personales es una condici\u00f3n para el uso del sitio web y de sus servicios enlazados. No obstante, si el Usuario decide voluntariamente facilitar sus datos personales, deber\u00e1 facilitar datos verdaderos, exactos y completos. Su inexactitud puede provocar dificultades a la hora de establecer un v\u00ednculo directo con el Administrador.<\/p>\n\n\n\n<p>La Subsecretar\u00eda de Servicios y Pa\u00eds Digital conservar\u00e1 los datos personales proporcionados por los Usuarios hasta que expire la finalidad para la que fueron recabados o hasta que el titular de dichos datos lo solicite.<\/p>\n\n\n\n<p>El responsable de las Bases de Datos tambi\u00e9n podr\u00e1 transferir los datos personales recabados a otras Dependencias y Organismos dependientes del Sector P\u00fablico Nacional siempre que dicha transferencia corresponda a las facultades del Organismo u Organismo transferente, en los t\u00e9rminos del art\u00edculo 11 inc.3 app. . . byc de la Ley N\u00b0 25.326.<\/p>\n\n\n\n<p>El titular de los datos personales podr\u00e1 solicitar la actualizaci\u00f3n, rectificaci\u00f3n y, en su caso, la supresi\u00f3n o el sometimiento a confidencialidad de los datos personales proporcionados, pudiendo acceder a la Base de Datos habilitada de forma gratuita, en intervalos no menores a seis meses. , la cual se encuentra debidamente registrada por la Disposici\u00f3n 9 \u2013 E\/2016, de la Subsecretar\u00eda de Gobierno Digital, dependiente de la Secretar\u00eda de Gesti\u00f3n e Innovaci\u00f3n P\u00fablica, del Ministerio de Modernizaci\u00f3n en los t\u00e9rminos de la Ley de Protecci\u00f3n de Datos Personales, 25.326, y sus complementarias. reglamentariamente, salvo que se acredite un inter\u00e9s leg\u00edtimo para tal efecto, de conformidad con lo dispuesto en el art\u00edculo 14, inciso 3 de la Ley 25.326.<\/p>\n\n\n\n<p>La Direcci\u00f3n Nacional de Protecci\u00f3n de Datos Personales, \u00f3rgano de control de la Ley 25.326, tiene la facultad de atender las quejas y reclamos realizados en relaci\u00f3n con el incumplimiento de las normas en materia de protecci\u00f3n de datos personales.<\/p>\n\n\n\n<p><strong>Seguridad<\/strong><\/p>\n\n\n\n<p>El responsable de la Base de Datos declara que adopta las medidas t\u00e9cnicas y organizativas necesarias para garantizar la seguridad y confidencialidad de los datos personales con el fin de evitar su adulteraci\u00f3n, p\u00e9rdida, consulta o tratamiento no autorizado y que permitan detectar desviaciones de la informaci\u00f3n.<\/p>\n\n\n\n<p>Asimismo, el Gobierno Nacional protege los Datos Personales de tal manera que no puedan ser eliminados accidentalmente. Por este motivo, aunque el Usuario los elimine, pueden quedar copias residuales almacenadas en sistemas de seguridad.<\/p>\n\n\n\n<p><strong>Informaci\u00f3n sobre el dispositivo<\/strong><\/p>\n\n\n\n<p>El Administrador puede recopilar datos espec\u00edficos sobre el dispositivo a trav\u00e9s del cual se utilizan los Servicios Digitales, como el modelo del dispositivo, la versi\u00f3n del sistema operativo, identificadores \u00fanicos y datos sobre la red m\u00f3vil, incluido el n\u00famero de tel\u00e9fono.<\/p>\n\n\n\n<p>Asimismo, el Administrador podr\u00e1 asociar los identificadores del dispositivo o n\u00famero de tel\u00e9fono del Usuario a su cuenta en el sistema de identificaci\u00f3n \u00fanica.<\/p>\n\n\n\n<p><strong>Datos sobre la ubicaci\u00f3n f\u00edsica del usuario<\/strong><\/p>\n\n\n\n<p>Al utilizar un activo digital que pueda registrar la ubicaci\u00f3n f\u00edsica del Usuario, el Administrador puede recopilar y procesar datos sobre la ubicaci\u00f3n real del Usuario. Estos datos se almacenan de forma an\u00f3nima.<\/p>\n\n\n\n<p><strong>Modificaciones<\/strong><\/p>\n\n\n\n<p>El Administrador se reserva el derecho de modificar esta Pol\u00edtica de Privacidad en cualquier momento, comprometi\u00e9ndose a anunciarlo mediante un aviso en el activo digital correspondiente.<\/p>\n\n\n\n<p><strong>Responsabilidad<\/strong><\/p>\n\n\n\n<p>El Administrador no controla ni es responsable del funcionamiento de otros sitios web y otros productos y servicios a los que se puede acceder a trav\u00e9s de los Servicios Digitales, por lo que recomendamos leer la Pol\u00edtica de Privacidad de cada uno de ellos.<\/p>\n","protected":false},"excerpt":{"rendered":"<p>El registro y uso de los Servicios Digitales por parte de un usuario (en adelante el \u201cUsuario\/s\u201d) indica la aceptaci\u00f3n absoluta de estos T\u00e9rminos y Condiciones y la Pol\u00edtica de Privacidad. El acceso a los Servicios Digitales es gratuito y abierto. El Usuario garantiza y declara que es mayor de 18 a\u00f1os, y\/o, en su [&hellip;]<\/p>\n","protected":false},"author":2,"featured_media":0,"parent":0,"menu_order":0,"comment_status":"closed","ping_status":"closed","template":"","meta":{"footnotes":""},"class_list":["post-2681","page","type-page","status-publish"],"_links":{"self":[{"href":"https:\/\/tunther.com.ar\/sitio\/wp-json\/wp\/v2\/pages\/2681","targetHints":{"allow":["GET"]}}],"collection":[{"href":"https:\/\/tunther.com.ar\/sitio\/wp-json\/wp\/v2\/pages"}],"about":[{"href":"https:\/\/tunther.com.ar\/sitio\/wp-json\/wp\/v2\/types\/page"}],"author":[{"embeddable":true,"href":"https:\/\/tunther.com.ar\/sitio\/wp-json\/wp\/v2\/users\/2"}],"replies":[{"embeddable":true,"href":"https:\/\/tunther.com.ar\/sitio\/wp-json\/wp\/v2\/comments?post=2681"}],"version-history":[{"count":1,"href":"https:\/\/tunther.com.ar\/sitio\/wp-json\/wp\/v2\/pages\/2681\/revisions"}],"predecessor-version":[{"id":2682,"href":"https:\/\/tunther.com.ar\/sitio\/wp-json\/wp\/v2\/pages\/2681\/revisions\/2682"}],"wp:attachment":[{"href":"https:\/\/tunther.com.ar\/sitio\/wp-json\/wp\/v2\/media?parent=2681"}],"curies":[{"name":"wp","href":"https:\/\/api.w.org\/{rel}","templated":true}]}}