{"id":2688,"date":"2024-03-06T20:20:35","date_gmt":"2024-03-06T20:20:35","guid":{"rendered":"https:\/\/tunther.com.ar\/sitio\/?page_id=2688"},"modified":"2024-03-07T00:35:05","modified_gmt":"2024-03-07T00:35:05","slug":"empresa","status":"publish","type":"page","link":"https:\/\/tunther.com.ar\/sitio\/empresa\/","title":{"rendered":"Empresa"},"content":{"rendered":"\t\t<div data-elementor-type=\"wp-page\" data-elementor-id=\"2688\" class=\"elementor elementor-2688\">\n\t\t\t\t<div class=\"elementor-element elementor-element-6ce3904 e-flex e-con-boxed e-con e-parent\" data-id=\"6ce3904\" data-element_type=\"container\" data-e-type=\"container\">\n\t\t\t\t\t<div class=\"e-con-inner\">\n\t\t\t\t<div class=\"elementor-element elementor-element-3520182 elementor-widget elementor-widget-heading\" data-id=\"3520182\" data-element_type=\"widget\" data-e-type=\"widget\" data-widget_type=\"heading.default\">\n\t\t\t\t<div class=\"elementor-widget-container\">\n\t\t\t\t\t<h2 class=\"elementor-heading-title elementor-size-default\">No trabajamos para vos, trabajamos con vos.<\/h2>\t\t\t\t<\/div>\n\t\t\t\t<\/div>\n\t\t\t\t<div class=\"elementor-element elementor-element-1315557 elementor-widget elementor-widget-text-editor\" data-id=\"1315557\" data-element_type=\"widget\" data-e-type=\"widget\" data-widget_type=\"text-editor.default\">\n\t\t\t\t<div class=\"elementor-widget-container\">\n\t\t\t\t\t\t\t\t\t<p>Crecer como siempre so\u00f1aste depende de vos.<\/p>\t\t\t\t\t\t\t\t<\/div>\n\t\t\t\t<\/div>\n\t\t\t\t\t<\/div>\n\t\t\t\t<\/div>\n\t\t<div class=\"elementor-element elementor-element-7f971ad e-flex e-con-boxed e-con e-parent\" data-id=\"7f971ad\" data-element_type=\"container\" data-e-type=\"container\">\n\t\t\t\t\t<div class=\"e-con-inner\">\n\t\t<div class=\"elementor-element elementor-element-17f0e68 e-con-full e-flex e-con e-child\" data-id=\"17f0e68\" data-element_type=\"container\" data-e-type=\"container\">\n\t\t\t\t<div class=\"elementor-element elementor-element-32fd990 elementor-widget elementor-widget-foxiz-image\" data-id=\"32fd990\" data-element_type=\"widget\" data-e-type=\"widget\" data-widget_type=\"foxiz-image.default\">\n\t\t\t\t<div class=\"elementor-widget-container\">\n\t\t\t\t\t<img loading=\"lazy\" loading=\"lazy\" decoding=\"async\" data-mode=\"default\" width=\"819\" height=\"1024\" src=\"https:\/\/tunther.com.ar\/sitio\/wp-content\/uploads\/2024\/03\/hero_02-819x1024.jpg\" class=\"attachment-large size-large wp-image-2692\" alt=\"\" srcset=\"https:\/\/tunther.com.ar\/sitio\/wp-content\/uploads\/2024\/03\/hero_02-819x1024.jpg 819w, https:\/\/tunther.com.ar\/sitio\/wp-content\/uploads\/2024\/03\/hero_02-240x300.jpg 240w, https:\/\/tunther.com.ar\/sitio\/wp-content\/uploads\/2024\/03\/hero_02-768x960.jpg 768w, https:\/\/tunther.com.ar\/sitio\/wp-content\/uploads\/2024\/03\/hero_02-860x1075.jpg 860w, https:\/\/tunther.com.ar\/sitio\/wp-content\/uploads\/2024\/03\/hero_02.jpg 1080w\" sizes=\"auto, (max-width: 819px) 100vw, 819px\" \/><img loading=\"lazy\" loading=\"lazy\" decoding=\"async\" data-mode=\"dark\" width=\"819\" height=\"1024\" src=\"https:\/\/tunther.com.ar\/sitio\/wp-content\/uploads\/2024\/03\/hero_02.fw_-819x1024.png\" class=\"attachment-large size-large wp-image-2691\" alt=\"\" srcset=\"https:\/\/tunther.com.ar\/sitio\/wp-content\/uploads\/2024\/03\/hero_02.fw_-819x1024.png 819w, https:\/\/tunther.com.ar\/sitio\/wp-content\/uploads\/2024\/03\/hero_02.fw_-240x300.png 240w, https:\/\/tunther.com.ar\/sitio\/wp-content\/uploads\/2024\/03\/hero_02.fw_-768x960.png 768w, https:\/\/tunther.com.ar\/sitio\/wp-content\/uploads\/2024\/03\/hero_02.fw_-860x1075.png 860w, https:\/\/tunther.com.ar\/sitio\/wp-content\/uploads\/2024\/03\/hero_02.fw_.png 1080w\" sizes=\"auto, (max-width: 819px) 100vw, 819px\" \/>\t\t\t\t<\/div>\n\t\t\t\t<\/div>\n\t\t\t\t<\/div>\n\t\t<div class=\"elementor-element elementor-element-ec3622c e-con-full e-flex e-con e-child\" data-id=\"ec3622c\" data-element_type=\"container\" data-e-type=\"container\">\n\t\t<div class=\"elementor-element elementor-element-9466377 e-flex e-con-boxed e-con e-child\" data-id=\"9466377\" data-element_type=\"container\" data-e-type=\"container\">\n\t\t\t\t\t<div class=\"e-con-inner\">\n\t\t\t\t<div class=\"elementor-element elementor-element-edefd2d elementor-widget elementor-widget-foxiz-heading\" data-id=\"edefd2d\" data-element_type=\"widget\" data-e-type=\"widget\" data-widget_type=\"foxiz-heading.default\">\n\t\t\t\t<div class=\"elementor-widget-container\">\n\t\t\t\t\t<div id=\"uid_edefd2d\" class=\"block-h heading-layout-12\"><div class=\"heading-inner\"><h2 class=\"heading-title\"><span>POTENCIAMOS<\/span><\/h2><\/div><\/div>\t\t\t\t<\/div>\n\t\t\t\t<\/div>\n\t\t\t\t<div class=\"elementor-element elementor-element-20a75df elementor-widget elementor-widget-text-editor\" data-id=\"20a75df\" data-element_type=\"widget\" data-e-type=\"widget\" data-widget_type=\"text-editor.default\">\n\t\t\t\t<div class=\"elementor-widget-container\">\n\t\t\t\t\t\t\t\t\t<p>Potenciamos el crecimiento de personas, equipos y organizaciones de un modo m\u00e1s saludable, competitivo y sostenible<\/p>\t\t\t\t\t\t\t\t<\/div>\n\t\t\t\t<\/div>\n\t\t\t\t<div class=\"elementor-element elementor-element-6dbf8a5 elementor-widget elementor-widget-foxiz-heading\" data-id=\"6dbf8a5\" data-element_type=\"widget\" data-e-type=\"widget\" data-widget_type=\"foxiz-heading.default\">\n\t\t\t\t<div class=\"elementor-widget-container\">\n\t\t\t\t\t<div id=\"uid_6dbf8a5\" class=\"block-h heading-layout-12\"><div class=\"heading-inner\"><h2 class=\"heading-title\"><span>CAMBIAMOS<\/span><\/h2><\/div><\/div>\t\t\t\t<\/div>\n\t\t\t\t<\/div>\n\t\t\t\t<div class=\"elementor-element elementor-element-4959ae7 elementor-widget elementor-widget-text-editor\" data-id=\"4959ae7\" data-element_type=\"widget\" data-e-type=\"widget\" data-widget_type=\"text-editor.default\">\n\t\t\t\t<div class=\"elementor-widget-container\">\n\t\t\t\t\t\t\t\t\t<p>En un mundo cada vez m\u00e1s global, complejo y din\u00e1mico,<br \/>Ahora el desaf\u00edo es aprender a \u00abcrecer en el cambio\u00bb<\/p>\t\t\t\t\t\t\t\t<\/div>\n\t\t\t\t<\/div>\n\t\t\t\t<div class=\"elementor-element elementor-element-7564d5d elementor-widget elementor-widget-foxiz-heading\" data-id=\"7564d5d\" data-element_type=\"widget\" data-e-type=\"widget\" data-widget_type=\"foxiz-heading.default\">\n\t\t\t\t<div class=\"elementor-widget-container\">\n\t\t\t\t\t<div id=\"uid_7564d5d\" class=\"block-h heading-layout-12\"><div class=\"heading-inner\"><h2 class=\"heading-title\"><span>RESULTADOS<\/span><\/h2><\/div><\/div>\t\t\t\t<\/div>\n\t\t\t\t<\/div>\n\t\t\t\t<div class=\"elementor-element elementor-element-fac4553 elementor-widget elementor-widget-text-editor\" data-id=\"fac4553\" data-element_type=\"widget\" data-e-type=\"widget\" data-widget_type=\"text-editor.default\">\n\t\t\t\t<div class=\"elementor-widget-container\">\n\t\t\t\t\t\t\t\t\t<p>Soluciones pr\u00e1cticas junto a nuestros clientes, orientadas a potenciar su desarrollo, proyecci\u00f3n y resultados.<\/p>\t\t\t\t\t\t\t\t<\/div>\n\t\t\t\t<\/div>\n\t\t\t\t<div class=\"elementor-element elementor-element-5001544 elementor-widget elementor-widget-foxiz-heading\" data-id=\"5001544\" data-element_type=\"widget\" data-e-type=\"widget\" data-widget_type=\"foxiz-heading.default\">\n\t\t\t\t<div class=\"elementor-widget-container\">\n\t\t\t\t\t<div id=\"uid_5001544\" class=\"block-h heading-layout-12\"><div class=\"heading-inner\"><h2 class=\"heading-title\"><span>INTEGRAMOS<\/span><\/h2><\/div><\/div>\t\t\t\t<\/div>\n\t\t\t\t<\/div>\n\t\t\t\t<div class=\"elementor-element elementor-element-196275e elementor-widget elementor-widget-text-editor\" data-id=\"196275e\" data-element_type=\"widget\" data-e-type=\"widget\" data-widget_type=\"text-editor.default\">\n\t\t\t\t<div class=\"elementor-widget-container\">\n\t\t\t\t\t\t\t\t\t<p>Integrar el cambio: \u00ab manejarlo como la m\u00e1s eficaz herramienta de crecimiento y hacer de \u00e9l nuestra mayor ventaja competitiva\u00bb<\/p>\t\t\t\t\t\t\t\t<\/div>\n\t\t\t\t<\/div>\n\t\t\t\t\t<\/div>\n\t\t\t\t<\/div>\n\t\t<div class=\"elementor-element elementor-element-0b8acc9 e-flex e-con-boxed e-con e-child\" data-id=\"0b8acc9\" data-element_type=\"container\" data-e-type=\"container\">\n\t\t\t\t\t<div class=\"e-con-inner\">\n\t\t\t\t\t<\/div>\n\t\t\t\t<\/div>\n\t\t\t\t<\/div>\n\t\t\t\t\t<\/div>\n\t\t\t\t<\/div>\n\t\t<div class=\"elementor-element elementor-element-9d5ebd3 e-flex e-con-boxed e-con e-parent\" data-id=\"9d5ebd3\" data-element_type=\"container\" data-e-type=\"container\">\n\t\t\t\t\t<div class=\"e-con-inner\">\n\t\t<div class=\"elementor-element elementor-element-6d65745 e-con-full e-flex e-con e-child\" data-id=\"6d65745\" data-element_type=\"container\" data-e-type=\"container\">\n\t\t\t\t<div class=\"elementor-element elementor-element-e7431ce elementor-widget elementor-widget-image\" data-id=\"e7431ce\" data-element_type=\"widget\" data-e-type=\"widget\" data-widget_type=\"image.default\">\n\t\t\t\t<div class=\"elementor-widget-container\">\n\t\t\t\t\t\t\t\t\t\t\t\t\t\t\t<img loading=\"lazy\" loading=\"lazy\" decoding=\"async\" width=\"77\" height=\"80\" src=\"https:\/\/tunther.com.ar\/sitio\/wp-content\/uploads\/2024\/03\/tunther-ico1-1.png\" class=\"attachment-large size-large wp-image-2707\" alt=\"\" \/>\t\t\t\t\t\t\t\t\t\t\t\t\t\t\t<\/div>\n\t\t\t\t<\/div>\n\t\t\t\t<div class=\"elementor-element elementor-element-0b3a049 elementor-widget elementor-widget-text-editor\" data-id=\"0b3a049\" data-element_type=\"widget\" data-e-type=\"widget\" data-widget_type=\"text-editor.default\">\n\t\t\t\t<div class=\"elementor-widget-container\">\n\t\t\t\t\t\t\t\t\t<p>Implementamos Growth Management como modelo de crecimiento.<\/p>\t\t\t\t\t\t\t\t<\/div>\n\t\t\t\t<\/div>\n\t\t\t\t<div class=\"elementor-element elementor-element-eb10245 elementor-widget elementor-widget-image\" data-id=\"eb10245\" data-element_type=\"widget\" data-e-type=\"widget\" data-widget_type=\"image.default\">\n\t\t\t\t<div class=\"elementor-widget-container\">\n\t\t\t\t\t\t\t\t\t\t\t\t\t\t\t<img loading=\"lazy\" loading=\"lazy\" decoding=\"async\" width=\"77\" height=\"80\" src=\"https:\/\/tunther.com.ar\/sitio\/wp-content\/uploads\/2024\/03\/tunther-ico2-1.png\" class=\"attachment-large size-large wp-image-2708\" alt=\"\" \/>\t\t\t\t\t\t\t\t\t\t\t\t\t\t\t<\/div>\n\t\t\t\t<\/div>\n\t\t\t\t<div class=\"elementor-element elementor-element-f60bc63 elementor-widget elementor-widget-text-editor\" data-id=\"f60bc63\" data-element_type=\"widget\" data-e-type=\"widget\" data-widget_type=\"text-editor.default\">\n\t\t\t\t<div class=\"elementor-widget-container\">\n\t\t\t\t\t\t\t\t\t<p>Gestionamos y desarrollamos estrat\u00e9gicamente el talento.<\/p>\t\t\t\t\t\t\t\t<\/div>\n\t\t\t\t<\/div>\n\t\t\t\t<div class=\"elementor-element elementor-element-ef5d9b9 elementor-widget elementor-widget-image\" data-id=\"ef5d9b9\" data-element_type=\"widget\" data-e-type=\"widget\" data-widget_type=\"image.default\">\n\t\t\t\t<div class=\"elementor-widget-container\">\n\t\t\t\t\t\t\t\t\t\t\t\t\t\t\t<img loading=\"lazy\" loading=\"lazy\" decoding=\"async\" width=\"77\" height=\"80\" src=\"https:\/\/tunther.com.ar\/sitio\/wp-content\/uploads\/2024\/03\/tunther-ico3-1.png\" class=\"attachment-large size-large wp-image-2709\" alt=\"\" \/>\t\t\t\t\t\t\t\t\t\t\t\t\t\t\t<\/div>\n\t\t\t\t<\/div>\n\t\t\t\t<div class=\"elementor-element elementor-element-e65f59b elementor-widget elementor-widget-text-editor\" data-id=\"e65f59b\" data-element_type=\"widget\" data-e-type=\"widget\" data-widget_type=\"text-editor.default\">\n\t\t\t\t<div class=\"elementor-widget-container\">\n\t\t\t\t\t\t\t\t\t<p>Generamos din\u00e1micas altamente eficaces de crecimiento.<\/p>\t\t\t\t\t\t\t\t<\/div>\n\t\t\t\t<\/div>\n\t\t\t\t<div class=\"elementor-element elementor-element-fc09764 elementor-widget elementor-widget-image\" data-id=\"fc09764\" data-element_type=\"widget\" data-e-type=\"widget\" data-widget_type=\"image.default\">\n\t\t\t\t<div class=\"elementor-widget-container\">\n\t\t\t\t\t\t\t\t\t\t\t\t\t\t\t<img loading=\"lazy\" loading=\"lazy\" decoding=\"async\" width=\"77\" height=\"80\" src=\"https:\/\/tunther.com.ar\/sitio\/wp-content\/uploads\/2024\/03\/tunther-ico4-1.png\" class=\"attachment-large size-large wp-image-2710\" alt=\"\" \/>\t\t\t\t\t\t\t\t\t\t\t\t\t\t\t<\/div>\n\t\t\t\t<\/div>\n\t\t\t\t<div class=\"elementor-element elementor-element-e507289 elementor-widget elementor-widget-text-editor\" data-id=\"e507289\" data-element_type=\"widget\" data-e-type=\"widget\" data-widget_type=\"text-editor.default\">\n\t\t\t\t<div class=\"elementor-widget-container\">\n\t\t\t\t\t\t\t\t\t<p>Desarrollamos equipos altamente competentes.<\/p>\t\t\t\t\t\t\t\t<\/div>\n\t\t\t\t<\/div>\n\t\t\t\t<\/div>\n\t\t<div class=\"elementor-element elementor-element-8deeb40 e-con-full e-flex e-con e-child\" data-id=\"8deeb40\" data-element_type=\"container\" data-e-type=\"container\" data-settings=\"{&quot;background_background&quot;:&quot;slideshow&quot;,&quot;background_slideshow_gallery&quot;:[{&quot;id&quot;:2711,&quot;url&quot;:&quot;https:\\\/\\\/tunther.com.ar\\\/sitio\\\/wp-content\\\/uploads\\\/2024\\\/03\\\/LAMP.png&quot;}],&quot;background_slideshow_loop&quot;:&quot;yes&quot;,&quot;background_slideshow_slide_duration&quot;:5000,&quot;background_slideshow_slide_transition&quot;:&quot;fade&quot;,&quot;background_slideshow_transition_duration&quot;:500}\">\n\t\t\t\t<div class=\"elementor-element elementor-element-bcca6ba elementor-widget elementor-widget-spacer\" data-id=\"bcca6ba\" data-element_type=\"widget\" data-e-type=\"widget\" data-widget_type=\"spacer.default\">\n\t\t\t\t<div class=\"elementor-widget-container\">\n\t\t\t\t\t\t\t<div class=\"elementor-spacer\">\n\t\t\t<div class=\"elementor-spacer-inner\"><\/div>\n\t\t<\/div>\n\t\t\t\t\t\t<\/div>\n\t\t\t\t<\/div>\n\t\t\t\t<div class=\"elementor-element elementor-element-4bfd286 elementor-widget elementor-widget-heading\" data-id=\"4bfd286\" data-element_type=\"widget\" data-e-type=\"widget\" data-widget_type=\"heading.default\">\n\t\t\t\t<div class=\"elementor-widget-container\">\n\t\t\t\t\t<h2 class=\"elementor-heading-title elementor-size-default\">Esto es lo que nos apasiona<\/h2>\t\t\t\t<\/div>\n\t\t\t\t<\/div>\n\t\t\t\t<div class=\"elementor-element elementor-element-3e6da5a elementor-widget elementor-widget-text-editor\" data-id=\"3e6da5a\" data-element_type=\"widget\" data-e-type=\"widget\" data-widget_type=\"text-editor.default\">\n\t\t\t\t<div class=\"elementor-widget-container\">\n\t\t\t\t\t\t\t\t\t<h3>Potenciamos el crecimiento de personas, equipos y organizaciones de un modo m\u00e1s saludable, competitivo y sostenible<\/h3>\t\t\t\t\t\t\t\t<\/div>\n\t\t\t\t<\/div>\n\t\t\t\t<\/div>\n\t\t\t\t\t<\/div>\n\t\t\t\t<\/div>\n\t\t<div class=\"elementor-element elementor-element-978893f e-flex e-con-boxed e-con e-parent\" data-id=\"978893f\" data-element_type=\"container\" data-e-type=\"container\">\n\t\t\t\t\t<div class=\"e-con-inner\">\n\t\t\t\t<div class=\"elementor-element elementor-element-78383f5 elementor-widget elementor-widget-foxiz-ad-image\" data-id=\"78383f5\" data-element_type=\"widget\" data-e-type=\"widget\" data-widget_type=\"foxiz-ad-image.default\">\n\t\t\t\t<div class=\"elementor-widget-container\">\n\t\t\t\t\t<div class=\"ad-wrap ad-image-wrap\"><span class=\"ad-description is-meta\">- Publicidad -<\/span><div class=\"ad-image\"><img loading=\"lazy\" loading=\"lazy\" decoding=\"async\" data-mode=\"default\" src=\"https:\/\/tunther.com.ar\/sitio\/wp-content\/uploads\/2024\/03\/banner-790x90-1.jpg\" alt=\"Ad image\" width=\"728\" height=\"90\"\/><img loading=\"lazy\" loading=\"lazy\" decoding=\"async\" data-mode=\"dark\" src=\"https:\/\/tunther.com.ar\/sitio\/wp-content\/uploads\/2024\/03\/banner-790x90-1.jpg\" alt=\"Ad image\" width=\"728\" height=\"90\"\/><\/div><\/div>\t\t\t\t<\/div>\n\t\t\t\t<\/div>\n\t\t\t\t\t<\/div>\n\t\t\t\t<\/div>\n\t\t\t\t<\/div>\n\t\t","protected":false},"excerpt":{"rendered":"<p>No trabajamos para vos, trabajamos con vos. Crecer como siempre so\u00f1aste depende de vos. POTENCIAMOS Potenciamos el crecimiento de personas, equipos y organizaciones de un modo m\u00e1s saludable, competitivo y sostenible CAMBIAMOS En un mundo cada vez m\u00e1s global, complejo y din\u00e1mico,Ahora el desaf\u00edo es aprender a \u00abcrecer en el cambio\u00bb RESULTADOS Soluciones pr\u00e1cticas junto [&hellip;]<\/p>\n","protected":false},"author":2,"featured_media":0,"parent":0,"menu_order":0,"comment_status":"closed","ping_status":"closed","template":"","meta":{"footnotes":""},"class_list":["post-2688","page","type-page","status-publish"],"_links":{"self":[{"href":"https:\/\/tunther.com.ar\/sitio\/wp-json\/wp\/v2\/pages\/2688","targetHints":{"allow":["GET"]}}],"collection":[{"href":"https:\/\/tunther.com.ar\/sitio\/wp-json\/wp\/v2\/pages"}],"about":[{"href":"https:\/\/tunther.com.ar\/sitio\/wp-json\/wp\/v2\/types\/page"}],"author":[{"embeddable":true,"href":"https:\/\/tunther.com.ar\/sitio\/wp-json\/wp\/v2\/users\/2"}],"replies":[{"embeddable":true,"href":"https:\/\/tunther.com.ar\/sitio\/wp-json\/wp\/v2\/comments?post=2688"}],"version-history":[{"count":19,"href":"https:\/\/tunther.com.ar\/sitio\/wp-json\/wp\/v2\/pages\/2688\/revisions"}],"predecessor-version":[{"id":2722,"href":"https:\/\/tunther.com.ar\/sitio\/wp-json\/wp\/v2\/pages\/2688\/revisions\/2722"}],"wp:attachment":[{"href":"https:\/\/tunther.com.ar\/sitio\/wp-json\/wp\/v2\/media?parent=2688"}],"curies":[{"name":"wp","href":"https:\/\/api.w.org\/{rel}","templated":true}]}}